{"id":1010,"date":"2020-02-17T09:27:38","date_gmt":"2020-02-17T09:27:38","guid":{"rendered":"https:\/\/ecopol.metmann.com\/politica-de-privacidad\/"},"modified":"2021-11-09T11:40:55","modified_gmt":"2021-11-09T10:40:55","slug":"politica-de-privacidad","status":"publish","type":"page","link":"https:\/\/ecopol.metmann.com\/en\/politica-de-privacidad\/","title":{"rendered":"PRIVACY POLICY"},"content":{"rendered":"<p>[et_pb_section fb_built=&#8221;1&#8243; custom_padding_last_edited=&#8221;on|phone&#8221; admin_label=&#8221;section&#8221; _builder_version=&#8221;3.22&#8243; custom_padding=&#8221;150px||300px||false|false&#8221; custom_padding_tablet=&#8221;125px||280px||false|false&#8221; custom_padding_phone=&#8221;&#8221;][et_pb_row admin_label=&#8221;row&#8221; _builder_version=&#8221;3.25&#8243; background_size=&#8221;initial&#8221; background_position=&#8221;top_left&#8221; background_repeat=&#8221;repeat&#8221;][et_pb_column type=&#8221;4_4&#8243; _builder_version=&#8221;3.25&#8243; custom_padding=&#8221;|||&#8221; custom_padding__hover=&#8221;|||&#8221;][et_pb_text _builder_version=&#8221;4.9.7&#8243; _module_preset=&#8221;default&#8221; header_font=&#8221;Ubuntu|700||on|||||&#8221; header_text_align=&#8221;center&#8221; header_text_color=&#8221;#D77F0C&#8221; header_font_size=&#8221;42px&#8221; custom_margin=&#8221;||40px||false|false&#8221; custom_padding=&#8221;||10px||false|false&#8221; hover_enabled=&#8221;0&#8243; header_font_size_tablet=&#8221;36px&#8221; header_font_size_phone=&#8221;32px&#8221; header_font_size_last_edited=&#8221;on|phone&#8221; border_width_bottom=&#8221;2px&#8221; border_color_bottom=&#8221;#E8E8E8&#8243; locked=&#8221;off&#8221; sticky_enabled=&#8221;0&#8243;]<\/p>\n<h1>PRIVACY POLICY<\/h1>\n<p>[\/et_pb_text][et_pb_text admin_label=&#8221;Text&#8221; _builder_version=&#8221;4.9.7&#8243; text_font=&#8221;Ubuntu|300|||||||&#8221; text_font_size=&#8221;16px&#8221; text_line_height=&#8221;1.4em&#8221; header_2_text_color=&#8221;#000000&#8243; background_size=&#8221;initial&#8221; background_position=&#8221;top_left&#8221; background_repeat=&#8221;repeat&#8221; hover_enabled=&#8221;0&#8243; header_2_font_size_tablet=&#8221;22px&#8221; header_2_font_size_phone=&#8221;20px&#8221; header_2_font_size_last_edited=&#8221;on|phone&#8221; sticky_enabled=&#8221;0&#8243;]<\/p>\n<div id=\"clickdatos\">\n<h2>PRIVACY POLICY AND DATA PROTECTION<\/h2>\n<p>In compliance with Regulation (EU) 2016\/679 of the European Parliament and of the Council of 27 April 2016 on the protection of individuals with regard to the processing of personal data, repealing Directive 95\/46\/EC (hereinafter, GDPR), of the Law 34\/2002, of July 11, 2002, on information society services and electronic commerce (hereinafter, LSSI-CE) and of the Organic Law 3\/2018, on the Protection of Personal Data and guarantee of digital rights (hereinafter, LOPDGDD), METALURGICA MANLLEUENSE, S. A. guarantees the protection and confidentiality of personal data of any kind provided by our customers, in accordance with the provisions of the General Regulation on the Protection of Personal Data.<\/p>\n<p>The data provided will be treated in the terms established in the RGPD, in that sense METALURGICA MANLLEUENSE, S.A. has adopted the levels of protection that are legally required, and has installed all the technical measures at its disposal to prevent the loss, misuse, alteration, unauthorized access by third parties, exposed below. However, the user must be aware that Internet security measures are not impregnable.<\/p>\n<p><strong>Responsible for the treatment<\/strong><br \/>Name: METALURGICA MANLLEUENSE, S.A.<br \/>CIF: A08316028<br \/>Address: FONTCUBERTA 32-36 POLIG. IND. LA COROMINA, Postal Code: 08560.<br \/>Telephone: 93851159<br \/>E-mail: acosta@metmann.com<\/p>\n<p><strong>Purpose of the treatment<\/strong><br \/>All data provided by our customers and\/or visitors to the METALURGICA MANLLEUENSE, S.A. website or to its staff, will be included in the register of personal data processing activities, created and maintained under the responsibility of METALURGICA MANLLEUENSE, S.A. These data are essential to provide the services requested by the users, or to solve the doubts or questions raised by our visitors. Our policy is not to elaborate profiles on the users of our services.<\/p>\n<p><strong>Legitimacy of the treatment<\/strong><\/p>\n<p>Contractual relationship: This is the one that applies when you purchase one of our products or contract one of our services.<br \/>Legitimate interest: To respond to queries and complaints you make to us and to manage the collection of amounts owed.<br \/>Your consent: If you are a user of our website, by checking the box on the contact form, you authorize us to send you the necessary communications to respond to the query or request for information raised.<\/p>\n<p><strong>Addressees<\/strong><br \/>We do not disclose your personal data to anyone, except for those public or private entities to which we are obliged to provide your personal data in order to comply with any law. For example, the Tax Law requires us to provide the Tax Agency with certain information on economic transactions exceeding a certain amount.<\/p>\n<p>In the event that, apart from the aforementioned cases, we need to disclose your personal information to other entities, we will request your prior permission through clear options that will allow you to decide in this regard.<\/p>\n<p><strong>Communication<\/strong><br \/>We will not make international transfers of your personal data for any of the purposes indicated.<br \/>(INTERNAL NOTE: THIS PARAGRAPH HAS TO BE CHANGED BY THE PERSON IN CHARGE IF INTERNATIONAL TRANSFERS ACTUALLY TAKE PLACE. WE RECOMMEND YOU TO ASK FOR ADVICE IF YOU DO NOT KNOW HOW TO REFLECT IT CORRECTLY IN ORDER TO COMPLY WITH THE REGULATIONS).<\/p>\n<p><strong>Retention<\/strong><br \/>We will only keep your personal data for as long as necessary to achieve the purposes for which they were collected. In determining the appropriate retention period, we consider the risks involved in the processing, as well as our contractual, legal and regulatory obligations, internal data retention policies and our legitimate business interests described in this Privacy Notice and Cookie Policy.<\/p>\n<p>In this sense, METALURGICA MANLLEUENSE, S.A. will keep the personal data once its relationship with you has ended, duly blocked, during the period of prescription of the actions that could derive from the relationship maintained with the interested party.<\/p>\n<p>Once blocked, your data will be inaccessible to METALURGICA MANLLEUENSE, S.A., and will not be processed except to make them available to the Public Administrations, Judges and Courts, for the attention of possible liabilities arising from the processing, as well as for the exercise and defense of claims before the Spanish Data Protection Agency.<\/p>\n<p><strong>Security<\/strong><\/p>\n<p>We use all reasonable efforts to maintain the confidentiality of personal information processed on our systems. We maintain strict levels of security to protect the personal data we process against accidental loss and against unauthorized access, processing or disclosure, taking into account the state of technology and the nature and risks to which the data is exposed. However, we cannot be held responsible for your use of the data (including username and password) you use on our website. Our staff follow strict privacy standards and where we engage third parties to provide support services, we require them to abide by the same standards and allow us to audit them for compliance.<\/p>\n<p><strong>Your Rights<\/strong><br \/>We inform you that you may exercise the following rights:<\/p>\n<p>Right of access to your personal data, to know which are being processed and the processing operations carried out with them;<br \/>Right to rectify any inaccurate personal data;<br \/>Right to erasure of your personal data, where this is possible (e.g. by law);<br \/>Right to limit the processing of your personal data where the accuracy, lawfulness or necessity of the data processing is in doubt, in which case, we may retain them for the exercise or defense of claims.<br \/>Right to object to the processing of your personal data, when the legal basis that enables us to process them is our legitimate interest. &#8220;Company_Name&#8221; will stop processing your data unless it has a legitimate interest or it is necessary for the defense of claims.<br \/>Right to portability of your data, when the legal basis that enables us to treat is the existence of a contractual relationship or your consent.<br \/>Right to revoke the consent given to METALURGICA MANLLEUENSE, S.A.<\/p>\n<p>To exercise your rights, you can do so free of charge and at any time by contacting us at the address METALURGICA MANLLEUENSE, S.A., attaching a copy of your ID card.<br \/>Protection of rights<br \/>In case you understand that your rights have been disregarded by our company, you can file a complaint with the Spanish Data Protection Agency, through any of the following means:<\/p>\n<p>Electronic site: https:\/\/www.aepd.es<br \/>Postal mail: Agencia Espa\u00f1ola de Protecci\u00f3n de Datos, C\/ Jorge Juan, 6, 28001, Madrid<br \/>Telephone: 901.100.099 and 912.663.517<\/p>\n<p>Filing a complaint with the Spanish Data Protection Agency does not entail any cost and the assistance of a lawyer or solicitor is not required.<\/p>\n<p><strong>Updates<\/strong><br \/>METALURGICA MANLLEUENSE, S.A. reserves the right to modify this policy to adapt it to new legislation or jurisprudence that may affect its compliance.<\/p>\n<\/div>\n<p>[\/et_pb_text][\/et_pb_column][\/et_pb_row][\/et_pb_section]<\/p>\n","protected":false},"excerpt":{"rendered":"<p>PRIVACY POLICY PRIVACY POLICY AND DATA PROTECTION In compliance with Regulation (EU) 2016\/679 of the European Parliament and of the Council of 27 April 2016 on the protection of individuals with regard to the processing of personal data, repealing Directive 95\/46\/EC (hereinafter, GDPR), of the Law 34\/2002, of July 11, 2002, on information society services [&hellip;]<\/p>\n","protected":false},"author":1,"featured_media":0,"parent":0,"menu_order":0,"comment_status":"closed","ping_status":"closed","template":"","meta":{"_et_pb_use_builder":"on","_et_pb_old_content":"<div id=\"clickdatos\"><h2>POL\u00cdTICA DE PRIVACIDAD Y PROTECCI\u00d3N DE DATOS<\/h2><p>En cumplimiento del Reglamento (UE) 2016\/679 del Parlamento Europeo y del Consejo, de 27 de abril de 2016, relativo a la protecci\u00f3n de las personas f\u00edsicas en lo que respecta al tratamiento de datos personales, por el que se deroga la directiva 95\/46\/CE (en adelante, RGPD), de la Ley 34\/2002, de 11 de julio, de servicios de la sociedad de la informaci\u00f3n y comercio electr\u00f3nico (en adelante, LSSI-CE) y de la Ley Org\u00e1nica 3\/2018, de Protecci\u00f3n de Datos Personales y garant\u00eda de los derechos digitales (en adelante, LOPDGDD), XXX garantiza la protecci\u00f3n y confidencialidad de los datos personales, de cualquier tipo que nos proporcionen nuestros clientes, de acuerdo con lo dispuesto en el Reglamento General de Protecci\u00f3n de Datos de Car\u00e1cter Personal.<\/p>\r\n<p>Los datos facilitados ser\u00e1n tratados en los t\u00e9rminos establecidos en el RGPD, en ese sentido XXX ha adoptado los niveles de protecci\u00f3n que legalmente se exigen, y ha instalado todas las medidas t\u00e9cnicas a su alcance para evitar la p\u00e9rdida, mal uso, alteraci\u00f3n, acceso no autorizado por terceros, expuestos a continuaci\u00f3n. No obstante, el usuario debe ser consciente de que las medidas de seguridad en Internet no son inexpugnables.<\/p>\r\n<p><strong>Responsable del tratamiento<\/strong><br>Denominaci\u00f3n: XXX<br>CIF: XXXXXXXXX<br>Direcci\u00f3n: XXX<br>Tel\u00e9fono: 123456789<br>Correo electr\u00f3nico: XXX@XXX.COM<\/p>\r\n<p><strong>Finalidad del tratamiento<\/strong><br>Todos los datos facilitados por nuestros clientes y\/o visitantes en la web de XXX o a su personal, ser\u00e1n incluidos en registro de actividades de tratamiento de datos de car\u00e1cter personal, creado y mantenido bajo la resposabilidad de XXX, imprescindibles para prestar los servicios solicitados por los usuarios, o para resolver las dudas o cuestiones planteadas por nuestros visitantes. Nuestra pol\u00edtica es no elaborar perfiles sobre los usuarios de nuestros servicios.<\/p>\r\n<p><strong>Legitimidad del tratamiento<\/strong>\r\n<ol type=\"a\">\r\n    <li>Relaci\u00f3n contractual: Es la que aplica cuando compra uno de nuestros productos o contrata alguno de nuestros servicios.<\/li>\r\n    <li>Inter\u00e9s leg\u00edtimo: Para atender a las consultas y reclamaciones que nos plantee y para gestionar el cobro de las cantidades adeudadas.<\/li>\r\n    <li>Su consentimiento: Si es usuario de nuestra web, mediante la marcaci\u00f3n de la casilla que figura en el formulario de contacto, nos autoriza a que le remitamos las comunicaciones necesarias para dar respuesta a la consulta o solicitud de informaci\u00f3n planteada.<\/li>\r\n<\/ol>\r\n<\/p>\r\n<p><strong>Destinatarios<\/strong><br>No cedemos sus datos personales a nadie, a excepci\u00f3n de aquellas entidades p\u00fablicas o privadas a las cuales estemos obligados a facilitar sus datos personales con motivo del cumplimiento de alguna ley. Por poner un ejemplo, la Ley Tributaria obliga a facilitar a la Agencia Tributaria determinada informaci\u00f3n sobre operaciones econ\u00f3micas que superen una determinada cantidad.<\/p>\r\n<p>En el caso de que, al margen de los supuestos comentados, necesitemos dar a conocer  su informaci\u00f3n personal a otras entidades, le solicitaremos previamente su permiso a trav\u00e9s de opciones claras que le permitir\u00e1n decidir a este respecto.<\/p>\r\n<p><strong>Comunicaci\u00f3n<\/strong><br>No realizaremos transferencias internacionales de sus datos personales para ninguna de las finalidades indicadas.<br>(<strong>NOTA INTERNA<\/strong>: ESTE P\u00c1RRAFO SE HA DE CAMBIAR POR EL RESPONSABLE SI REALMENTE SE PRODUCEN TRANSFERENCIAS INTERNACIONALES. TE RECOMENDAMOS SOLICITAR ASESORAMIENTO SI NO SABES C\u00d3MO REFLEJARLO CORRECTAMENTE PARA CUMPLIR CON LA NORMATIVA)<\/p>\r\n<p><strong>Conservaci\u00f3n<\/strong><br>Solo conservaremos sus datos personales durante el tiempo que resulte necesario para lograr los fines para los que fueron recabados. A la hora de determinar el oportuno periodo de conservaci\u00f3n, examinamos los riesgos que conlleva el tratamiento, as\u00ed como nuestras obligaciones contractuales, legales y normativas, las pol\u00edticas internas de conservaci\u00f3n de datos y nuestros intereses de negocio leg\u00edtimos descritos en el presente Aviso de Privacidad y Pol\u00edtica de Cookies.<\/p>\r\n<p>En este sentido, XXX conservar\u00e1 los datos personales una vez terminada su relaci\u00f3n con Ud., debidamente bloqueados, durante el plazo de prescripci\u00f3n de las acciones que pudieran derivarse de la relaci\u00f3n mantenida con el interesado.<\/p>\r\n<p>Una vez bloqueados, sus datos resultar\u00e1n inaccesibles para XXX, y no ser\u00e1n tratados excepto para su puesta a disposici\u00f3n a las Administraciones p\u00fablicas, Jueces y Tribunales, para la atenci\u00f3n de las posibles responsabilidades nacidas de los tratamientos, as\u00ed como para el ejercicio y defensa de reclamaciones ante la Agencia Espa\u00f1ola de Protecci\u00f3n de Datos.<\/p>\r\n<p><strong>Seguridad<\/strong><br>Empleamos todos los esfuerzos razonables para mantener la confidencialidad de la informaci\u00f3n personal que se trate en nuestros sistemas. Mantenemos estrictos niveles de seguridad para proteger los datos de car\u00e1cter personal que procesamos frente a p\u00e9rdidas fortuitas y a accesos, tratamientos o revelaciones no autorizados, habida cuenta del estado de la tecnolog\u00eda, la naturaleza y los riesgos a que est\u00e1n expuestos los datos. No obstante, no podemos responsabilizarnos del uso que Ud. haga de los datos (incluido usuario y contrase\u00f1a) que utilice en nuestra web. Nuestro personal sigue estrictas normas de privacidad y en el caso de que contratemos a terceros para prestar servicios de soporte, les exigimos que acaten las mismas normas y nos permitan auditarles para verificar su cumplimiento.<\/p>\r\n<p><strong>Sus derechos<\/strong><br>Le informamos que podr\u00e1 ejercer los siguientes derechos:\r\n<ol type=\"a\">\r\n    <li>Derecho de acceso a sus datos personales, para saber cu\u00e1les est\u00e1n siendo objeto de tratamiento y las operaciones de tratamiento llevadas a cabo con ellos;<\/li>\r\n    <li>Derecho de rectificaci\u00f3n de cualquier dato personal inexacto;<\/li>\r\n    <li>Derecho de supresi\u00f3n de sus datos personales, cuando esto sea posible (por ejemplo, por imperativo legal);<\/li>\r\n    <li>Derecho de limitaci\u00f3n del tratamiento de sus datos personales cuando la exactitud, la legalidad o la necesidad del tratamiento de los datos resulte dudosa, en cuyo caso, podremos conservarlos para el ejercicio o la defensa de reclamaciones.<\/li>\r\n    <li>Derecho de oposici\u00f3n al tratamiento de sus datos personales, cuando la base legal que nos habilite para su tratamiento de las indicadas sea nuestro inter\u00e9s leg\u00edtimo. \u00abNombre_Empresa\u00bb dejar\u00e1 de tratar tus datos salvo que tenga un inter\u00e9s leg\u00edtimo o sea necesario para la defensa de reclamaciones.<\/li>\r\n    <li>Derecho a la portabilidad de sus datos, cuando la base legal que nos habilite para su tratamiento sea la existencia de una relaci\u00f3n contractual o su consentimiento.<\/li>\r\n    <li>Derecho a revocar el consentimiento otorgado a XXX<\/li>\r\n<\/ol>\r\n<\/p>\r\nPara ejercitar sus derechos, puede hacerlo de manera gratuita y en cualquier momento contactando con nosotros en la direcci\u00f3n XXX, adjuntando copia de su DNI.<br>\r\n<p><strong>Tutela de derechos<\/strong><br>En caso de que entienda que sus derechos han sido desatendidos por nuestra entidad, puede formular una reclamaci\u00f3n en la Agencia Espa\u00f1ola de Protecci\u00f3n de Datos, a trav\u00e9s de alguno de los medios siguientes:\r\n<ul>\r\n    <li>Sede electr\u00f3nica: <a href=\"https:\/\/www.aepd.es\">https:\/\/www.aepd.es<\/a><\/li>\r\n    <li>Correo postal: Agencia Espa\u00f1ola de Protecci\u00f3n de Datos, C\/ Jorge Juan, 6, 28001, Madrid <\/li>\r\n    <li>Tel\u00e9fono: 901.100.099 y 912.663.517<\/li>\r\n<\/ul>\r\nFormular una reclamaci\u00f3n en la Agencia Espa\u00f1ola de Protecci\u00f3n de Datos no conlleva ning\u00fan coste y no es necesaria la asistencia de abogado ni procurador.<\/p>\r\n<strong>Actualizaciones<\/strong><br>XXX se reserva el derecho a modificar la presente pol\u00edtica para adaptarla a novedades legistlativas o jurisprudenciales que puedan afectar el cumplimiento de la misma.\r\n<\/div>","_et_gb_content_width":"","_joinchat":[],"footnotes":""},"class_list":["post-1010","page","type-page","status-publish","hentry"],"yoast_head":"<!-- This site is optimized with the Yoast SEO plugin v27.1.1 - https:\/\/yoast.com\/product\/yoast-seo-wordpress\/ -->\n<title>\u25b7 Calefacci\u00f3n industrial, comercial, agr\u00edcola y dom\u00e9stica | MET MANN<\/title>\n<meta name=\"robots\" content=\"index, follow, max-snippet:-1, max-image-preview:large, max-video-preview:-1\" \/>\n<link rel=\"canonical\" href=\"https:\/\/ecopol.metmann.com\/en\/politica-de-privacidad\/\" \/>\n<meta property=\"og:locale\" content=\"en_US\" \/>\n<meta property=\"og:type\" content=\"article\" \/>\n<meta property=\"og:title\" content=\"\u25b7 Calefacci\u00f3n industrial, comercial, agr\u00edcola y dom\u00e9stica | MET MANN\" \/>\n<meta property=\"og:description\" content=\"PRIVACY POLICY PRIVACY POLICY AND DATA PROTECTION In compliance with Regulation (EU) 2016\/679 of the European Parliament and of the Council of 27 April 2016 on the protection of individuals with regard to the processing of personal data, repealing Directive 95\/46\/EC (hereinafter, GDPR), of the Law 34\/2002, of July 11, 2002, on information society services [&hellip;]\" \/>\n<meta property=\"og:url\" content=\"https:\/\/ecopol.metmann.com\/en\/politica-de-privacidad\/\" \/>\n<meta property=\"og:site_name\" content=\"MET MANN\" \/>\n<meta property=\"article:modified_time\" content=\"2021-11-09T10:40:55+00:00\" \/>\n<meta name=\"twitter:card\" content=\"summary_large_image\" \/>\n<meta name=\"twitter:label1\" content=\"Est. reading time\" \/>\n\t<meta name=\"twitter:data1\" content=\"6 minutes\" \/>\n<script type=\"application\/ld+json\" class=\"yoast-schema-graph\">{\"@context\":\"https:\/\/schema.org\",\"@graph\":[{\"@type\":\"WebPage\",\"@id\":\"https:\/\/ecopol.metmann.com\/en\/politica-de-privacidad\/\",\"url\":\"https:\/\/ecopol.metmann.com\/en\/politica-de-privacidad\/\",\"name\":\"\u25b7 Calefacci\u00f3n industrial, comercial, agr\u00edcola y dom\u00e9stica | MET MANN\",\"isPartOf\":{\"@id\":\"https:\/\/ecopol.metmann.com\/#website\"},\"datePublished\":\"2020-02-17T09:27:38+00:00\",\"dateModified\":\"2021-11-09T10:40:55+00:00\",\"breadcrumb\":{\"@id\":\"https:\/\/ecopol.metmann.com\/en\/politica-de-privacidad\/#breadcrumb\"},\"inLanguage\":\"en-US\",\"potentialAction\":[{\"@type\":\"ReadAction\",\"target\":[\"https:\/\/ecopol.metmann.com\/en\/politica-de-privacidad\/\"]}]},{\"@type\":\"BreadcrumbList\",\"@id\":\"https:\/\/ecopol.metmann.com\/en\/politica-de-privacidad\/#breadcrumb\",\"itemListElement\":[{\"@type\":\"ListItem\",\"position\":1,\"name\":\"Home\",\"item\":\"https:\/\/ecopol.metmann.com\/\"},{\"@type\":\"ListItem\",\"position\":2,\"name\":\"PRIVACY POLICY\"}]},{\"@type\":\"WebSite\",\"@id\":\"https:\/\/ecopol.metmann.com\/#website\",\"url\":\"https:\/\/ecopol.metmann.com\/\",\"name\":\"MET MANN\",\"description\":\"Eco Pol Met Mann\",\"potentialAction\":[{\"@type\":\"SearchAction\",\"target\":{\"@type\":\"EntryPoint\",\"urlTemplate\":\"https:\/\/ecopol.metmann.com\/?s={search_term_string}\"},\"query-input\":{\"@type\":\"PropertyValueSpecification\",\"valueRequired\":true,\"valueName\":\"search_term_string\"}}],\"inLanguage\":\"en-US\"}]}<\/script>\n<!-- \/ Yoast SEO plugin. -->","yoast_head_json":{"title":"\u25b7 Calefacci\u00f3n industrial, comercial, agr\u00edcola y dom\u00e9stica | MET MANN","robots":{"index":"index","follow":"follow","max-snippet":"max-snippet:-1","max-image-preview":"max-image-preview:large","max-video-preview":"max-video-preview:-1"},"canonical":"https:\/\/ecopol.metmann.com\/en\/politica-de-privacidad\/","og_locale":"en_US","og_type":"article","og_title":"\u25b7 Calefacci\u00f3n industrial, comercial, agr\u00edcola y dom\u00e9stica | MET MANN","og_description":"PRIVACY POLICY PRIVACY POLICY AND DATA PROTECTION In compliance with Regulation (EU) 2016\/679 of the European Parliament and of the Council of 27 April 2016 on the protection of individuals with regard to the processing of personal data, repealing Directive 95\/46\/EC (hereinafter, GDPR), of the Law 34\/2002, of July 11, 2002, on information society services [&hellip;]","og_url":"https:\/\/ecopol.metmann.com\/en\/politica-de-privacidad\/","og_site_name":"MET MANN","article_modified_time":"2021-11-09T10:40:55+00:00","twitter_card":"summary_large_image","twitter_misc":{"Est. reading time":"6 minutes"},"schema":{"@context":"https:\/\/schema.org","@graph":[{"@type":"WebPage","@id":"https:\/\/ecopol.metmann.com\/en\/politica-de-privacidad\/","url":"https:\/\/ecopol.metmann.com\/en\/politica-de-privacidad\/","name":"\u25b7 Calefacci\u00f3n industrial, comercial, agr\u00edcola y dom\u00e9stica | MET MANN","isPartOf":{"@id":"https:\/\/ecopol.metmann.com\/#website"},"datePublished":"2020-02-17T09:27:38+00:00","dateModified":"2021-11-09T10:40:55+00:00","breadcrumb":{"@id":"https:\/\/ecopol.metmann.com\/en\/politica-de-privacidad\/#breadcrumb"},"inLanguage":"en-US","potentialAction":[{"@type":"ReadAction","target":["https:\/\/ecopol.metmann.com\/en\/politica-de-privacidad\/"]}]},{"@type":"BreadcrumbList","@id":"https:\/\/ecopol.metmann.com\/en\/politica-de-privacidad\/#breadcrumb","itemListElement":[{"@type":"ListItem","position":1,"name":"Home","item":"https:\/\/ecopol.metmann.com\/"},{"@type":"ListItem","position":2,"name":"PRIVACY POLICY"}]},{"@type":"WebSite","@id":"https:\/\/ecopol.metmann.com\/#website","url":"https:\/\/ecopol.metmann.com\/","name":"MET MANN","description":"Eco Pol Met Mann","potentialAction":[{"@type":"SearchAction","target":{"@type":"EntryPoint","urlTemplate":"https:\/\/ecopol.metmann.com\/?s={search_term_string}"},"query-input":{"@type":"PropertyValueSpecification","valueRequired":true,"valueName":"search_term_string"}}],"inLanguage":"en-US"}]}},"_links":{"self":[{"href":"https:\/\/ecopol.metmann.com\/en\/wp-json\/wp\/v2\/pages\/1010","targetHints":{"allow":["GET"]}}],"collection":[{"href":"https:\/\/ecopol.metmann.com\/en\/wp-json\/wp\/v2\/pages"}],"about":[{"href":"https:\/\/ecopol.metmann.com\/en\/wp-json\/wp\/v2\/types\/page"}],"author":[{"embeddable":true,"href":"https:\/\/ecopol.metmann.com\/en\/wp-json\/wp\/v2\/users\/1"}],"replies":[{"embeddable":true,"href":"https:\/\/ecopol.metmann.com\/en\/wp-json\/wp\/v2\/comments?post=1010"}],"version-history":[{"count":0,"href":"https:\/\/ecopol.metmann.com\/en\/wp-json\/wp\/v2\/pages\/1010\/revisions"}],"wp:attachment":[{"href":"https:\/\/ecopol.metmann.com\/en\/wp-json\/wp\/v2\/media?parent=1010"}],"curies":[{"name":"wp","href":"https:\/\/api.w.org\/{rel}","templated":true}]}}